{"id":333,"date":"2023-09-25T11:40:07","date_gmt":"2023-09-25T09:40:07","guid":{"rendered":"https:\/\/www.lehomestlouis.com\/cerca-del-hotel\/"},"modified":"2025-12-03T12:02:42","modified_gmt":"2025-12-03T11:02:42","slug":"hotel-versailles-tourismo","status":"publish","type":"page","link":"https:\/\/www.lehomestlouis.com\/es\/hotel-versailles-tourismo\/","title":{"rendered":"Cerca del hotel"},"content":{"rendered":"\n<div class=\"wp-block-getwid-section\"><div class=\"wp-block-getwid-section__wrapper\"><div class=\"wp-block-getwid-section__inner-wrapper\"><div class=\"wp-block-getwid-section__background-holder\"><div class=\"wp-block-getwid-section__background\"><\/div><div class=\"wp-block-getwid-section__foreground\"><\/div><\/div><div class=\"wp-block-getwid-section__content\"><div class=\"wp-block-getwid-section__inner-content\">\n<p class=\"has-text-align-center\">Bienvenidos a Versailles, una ciudad que evoca opulencia, grandeza y una historia fascinante <br\/>de Francia. Situada a pocos kil\u00f3metros de Par\u00eds, Versailles es mucho m\u00e1s <br\/>que un destino tur\u00edstico, es una aut\u00e9ntica experiencia. Esto es lo que <br\/>puedes descubrir durante tu visita.<\/p>\n<\/div><\/div><\/div><\/div><\/div>\n","protected":false},"excerpt":{"rendered":"","protected":false},"author":1,"featured_media":0,"parent":0,"menu_order":0,"comment_status":"closed","ping_status":"closed","template":"template-a-proximite.php","meta":{"footnotes":""},"class_list":["post-333","page","type-page","status-publish","hentry"],"yoast_head":"<!-- This site is optimized with the Yoast SEO plugin v27.4 - https:\/\/yoast.com\/product\/yoast-seo-wordpress\/ -->\n<title>Cerca del hotel - Le Home Saint Louis<\/title>\n<meta name=\"description\" content=\"Descubra Versailles y Par\u00eds desde nuestro hotel confortable, idealmente situado y con una excelente relaci\u00f3n calidad-precio.\" \/>\n<meta name=\"robots\" content=\"index, follow, max-snippet:-1, max-image-preview:large, max-video-preview:-1\" \/>\n<link rel=\"canonical\" href=\"https:\/\/www.lehomestlouis.com\/es\/hotel-versailles-tourismo\/\" \/>\n<meta property=\"og:locale\" content=\"es_ES\" \/>\n<meta property=\"og:type\" content=\"article\" \/>\n<meta property=\"og:title\" content=\"Cerca del hotel - Le Home Saint Louis\" \/>\n<meta property=\"og:description\" content=\"Descubra Versailles y Par\u00eds desde nuestro hotel confortable, idealmente situado y con una excelente relaci\u00f3n calidad-precio.\" \/>\n<meta property=\"og:url\" content=\"https:\/\/www.lehomestlouis.com\/es\/hotel-versailles-tourismo\/\" \/>\n<meta property=\"og:site_name\" content=\"Le Home Saint Louis\" \/>\n<meta property=\"article:publisher\" content=\"https:\/\/www.facebook.com\/hotellehomesaintlouis\/?locale=fr_FR\" \/>\n<meta property=\"article:modified_time\" content=\"2025-12-03T11:02:42+00:00\" \/>\n<meta property=\"og:image\" content=\"https:\/\/www.lehomestlouis.com\/wp-content\/uploads\/2023\/10\/landscape_1000x500.png\" \/>\n\t<meta property=\"og:image:width\" content=\"999\" \/>\n\t<meta property=\"og:image:height\" content=\"500\" \/>\n\t<meta property=\"og:image:type\" content=\"image\/png\" \/>\n<meta name=\"twitter:card\" content=\"summary_large_image\" \/>\n<meta name=\"twitter:label1\" content=\"Tiempo de lectura\" \/>\n\t<meta name=\"twitter:data1\" content=\"1 minuto\" \/>\n<script type=\"application\/ld+json\" class=\"yoast-schema-graph\">{\"@context\":\"https:\\\/\\\/schema.org\",\"@graph\":[{\"@type\":\"WebPage\",\"@id\":\"https:\\\/\\\/www.lehomestlouis.com\\\/es\\\/hotel-versailles-tourismo\\\/\",\"url\":\"https:\\\/\\\/www.lehomestlouis.com\\\/es\\\/hotel-versailles-tourismo\\\/\",\"name\":\"Cerca del hotel - Le Home Saint Louis\",\"isPartOf\":{\"@id\":\"https:\\\/\\\/www.lehomestlouis.com\\\/es\\\/#website\"},\"datePublished\":\"2023-09-25T09:40:07+00:00\",\"dateModified\":\"2025-12-03T11:02:42+00:00\",\"description\":\"Descubra Versailles y Par\u00eds desde nuestro hotel confortable, idealmente situado y con una excelente relaci\u00f3n calidad-precio.\",\"breadcrumb\":{\"@id\":\"https:\\\/\\\/www.lehomestlouis.com\\\/es\\\/hotel-versailles-tourismo\\\/#breadcrumb\"},\"inLanguage\":\"es\",\"potentialAction\":[{\"@type\":\"ReadAction\",\"target\":[\"https:\\\/\\\/www.lehomestlouis.com\\\/es\\\/hotel-versailles-tourismo\\\/\"]}]},{\"@type\":\"BreadcrumbList\",\"@id\":\"https:\\\/\\\/www.lehomestlouis.com\\\/es\\\/hotel-versailles-tourismo\\\/#breadcrumb\",\"itemListElement\":[{\"@type\":\"ListItem\",\"position\":1,\"name\":\"Home\",\"item\":\"https:\\\/\\\/www.lehomestlouis.com\\\/es\\\/\"},{\"@type\":\"ListItem\",\"position\":2,\"name\":\"Cerca del hotel\"}]},{\"@type\":\"WebSite\",\"@id\":\"https:\\\/\\\/www.lehomestlouis.com\\\/es\\\/#website\",\"url\":\"https:\\\/\\\/www.lehomestlouis.com\\\/es\\\/\",\"name\":\"H\u00f4tel ** Versailles \\\/ Pairs - Le Home Saint Louis**\",\"description\":\"\",\"publisher\":{\"@id\":\"https:\\\/\\\/www.lehomestlouis.com\\\/es\\\/#organization\"},\"potentialAction\":[{\"@type\":\"SearchAction\",\"target\":{\"@type\":\"EntryPoint\",\"urlTemplate\":\"https:\\\/\\\/www.lehomestlouis.com\\\/es\\\/?s={search_term_string}\"},\"query-input\":{\"@type\":\"PropertyValueSpecification\",\"valueRequired\":true,\"valueName\":\"search_term_string\"}}],\"inLanguage\":\"es\"},{\"@type\":\"Organization\",\"@id\":\"https:\\\/\\\/www.lehomestlouis.com\\\/es\\\/#organization\",\"name\":\"H\u00f4tel ** Versailles \\\/ Pairs - Le Home Saint Louis**\",\"url\":\"https:\\\/\\\/www.lehomestlouis.com\\\/es\\\/\",\"logo\":{\"@type\":\"ImageObject\",\"inLanguage\":\"es\",\"@id\":\"https:\\\/\\\/www.lehomestlouis.com\\\/es\\\/#\\\/schema\\\/logo\\\/image\\\/\",\"url\":\"https:\\\/\\\/www.lehomestlouis.com\\\/wp-content\\\/uploads\\\/2023\\\/10\\\/landscape_1000x500.png\",\"contentUrl\":\"https:\\\/\\\/www.lehomestlouis.com\\\/wp-content\\\/uploads\\\/2023\\\/10\\\/landscape_1000x500.png\",\"width\":999,\"height\":500,\"caption\":\"H\u00f4tel ** Versailles \\\/ Pairs - Le Home Saint Louis**\"},\"image\":{\"@id\":\"https:\\\/\\\/www.lehomestlouis.com\\\/es\\\/#\\\/schema\\\/logo\\\/image\\\/\"},\"sameAs\":[\"https:\\\/\\\/www.facebook.com\\\/hotellehomesaintlouis\\\/?locale=fr_FR\",\"https:\\\/\\\/www.booking.com\\\/hotel\\\/fr\\\/lehomesaintlouis.fr.html\"]}]}<\/script>\n<!-- \/ Yoast SEO plugin. -->","yoast_head_json":{"title":"Cerca del hotel - Le Home Saint Louis","description":"Descubra Versailles y Par\u00eds desde nuestro hotel confortable, idealmente situado y con una excelente relaci\u00f3n calidad-precio.","robots":{"index":"index","follow":"follow","max-snippet":"max-snippet:-1","max-image-preview":"max-image-preview:large","max-video-preview":"max-video-preview:-1"},"canonical":"https:\/\/www.lehomestlouis.com\/es\/hotel-versailles-tourismo\/","og_locale":"es_ES","og_type":"article","og_title":"Cerca del hotel - Le Home Saint Louis","og_description":"Descubra Versailles y Par\u00eds desde nuestro hotel confortable, idealmente situado y con una excelente relaci\u00f3n calidad-precio.","og_url":"https:\/\/www.lehomestlouis.com\/es\/hotel-versailles-tourismo\/","og_site_name":"Le Home Saint Louis","article_publisher":"https:\/\/www.facebook.com\/hotellehomesaintlouis\/?locale=fr_FR","article_modified_time":"2025-12-03T11:02:42+00:00","og_image":[{"width":999,"height":500,"url":"https:\/\/www.lehomestlouis.com\/wp-content\/uploads\/2023\/10\/landscape_1000x500.png","type":"image\/png"}],"twitter_card":"summary_large_image","twitter_misc":{"Tiempo de lectura":"1 minuto"},"schema":{"@context":"https:\/\/schema.org","@graph":[{"@type":"WebPage","@id":"https:\/\/www.lehomestlouis.com\/es\/hotel-versailles-tourismo\/","url":"https:\/\/www.lehomestlouis.com\/es\/hotel-versailles-tourismo\/","name":"Cerca del hotel - Le Home Saint Louis","isPartOf":{"@id":"https:\/\/www.lehomestlouis.com\/es\/#website"},"datePublished":"2023-09-25T09:40:07+00:00","dateModified":"2025-12-03T11:02:42+00:00","description":"Descubra Versailles y Par\u00eds desde nuestro hotel confortable, idealmente situado y con una excelente relaci\u00f3n calidad-precio.","breadcrumb":{"@id":"https:\/\/www.lehomestlouis.com\/es\/hotel-versailles-tourismo\/#breadcrumb"},"inLanguage":"es","potentialAction":[{"@type":"ReadAction","target":["https:\/\/www.lehomestlouis.com\/es\/hotel-versailles-tourismo\/"]}]},{"@type":"BreadcrumbList","@id":"https:\/\/www.lehomestlouis.com\/es\/hotel-versailles-tourismo\/#breadcrumb","itemListElement":[{"@type":"ListItem","position":1,"name":"Home","item":"https:\/\/www.lehomestlouis.com\/es\/"},{"@type":"ListItem","position":2,"name":"Cerca del hotel"}]},{"@type":"WebSite","@id":"https:\/\/www.lehomestlouis.com\/es\/#website","url":"https:\/\/www.lehomestlouis.com\/es\/","name":"H\u00f4tel ** Versailles \/ Pairs - Le Home Saint Louis**","description":"","publisher":{"@id":"https:\/\/www.lehomestlouis.com\/es\/#organization"},"potentialAction":[{"@type":"SearchAction","target":{"@type":"EntryPoint","urlTemplate":"https:\/\/www.lehomestlouis.com\/es\/?s={search_term_string}"},"query-input":{"@type":"PropertyValueSpecification","valueRequired":true,"valueName":"search_term_string"}}],"inLanguage":"es"},{"@type":"Organization","@id":"https:\/\/www.lehomestlouis.com\/es\/#organization","name":"H\u00f4tel ** Versailles \/ Pairs - Le Home Saint Louis**","url":"https:\/\/www.lehomestlouis.com\/es\/","logo":{"@type":"ImageObject","inLanguage":"es","@id":"https:\/\/www.lehomestlouis.com\/es\/#\/schema\/logo\/image\/","url":"https:\/\/www.lehomestlouis.com\/wp-content\/uploads\/2023\/10\/landscape_1000x500.png","contentUrl":"https:\/\/www.lehomestlouis.com\/wp-content\/uploads\/2023\/10\/landscape_1000x500.png","width":999,"height":500,"caption":"H\u00f4tel ** Versailles \/ Pairs - Le Home Saint Louis**"},"image":{"@id":"https:\/\/www.lehomestlouis.com\/es\/#\/schema\/logo\/image\/"},"sameAs":["https:\/\/www.facebook.com\/hotellehomesaintlouis\/?locale=fr_FR","https:\/\/www.booking.com\/hotel\/fr\/lehomesaintlouis.fr.html"]}]}},"_links":{"self":[{"href":"https:\/\/www.lehomestlouis.com\/es\/wp-json\/wp\/v2\/pages\/333","targetHints":{"allow":["GET"]}}],"collection":[{"href":"https:\/\/www.lehomestlouis.com\/es\/wp-json\/wp\/v2\/pages"}],"about":[{"href":"https:\/\/www.lehomestlouis.com\/es\/wp-json\/wp\/v2\/types\/page"}],"author":[{"embeddable":true,"href":"https:\/\/www.lehomestlouis.com\/es\/wp-json\/wp\/v2\/users\/1"}],"replies":[{"embeddable":true,"href":"https:\/\/www.lehomestlouis.com\/es\/wp-json\/wp\/v2\/comments?post=333"}],"version-history":[{"count":1,"href":"https:\/\/www.lehomestlouis.com\/es\/wp-json\/wp\/v2\/pages\/333\/revisions"}],"predecessor-version":[{"id":334,"href":"https:\/\/www.lehomestlouis.com\/es\/wp-json\/wp\/v2\/pages\/333\/revisions\/334"}],"wp:attachment":[{"href":"https:\/\/www.lehomestlouis.com\/es\/wp-json\/wp\/v2\/media?parent=333"}],"curies":[{"name":"wp","href":"https:\/\/api.w.org\/{rel}","templated":true}]}}