{"id":22,"date":"2023-09-25T09:54:25","date_gmt":"2023-09-25T07:54:25","guid":{"rendered":"https:\/\/www.lehomestlouis.com\/pagina-de-inicio\/"},"modified":"2023-10-01T18:02:18","modified_gmt":"2023-10-01T16:02:18","slug":"pagina-de-inicio","status":"publish","type":"page","link":"https:\/\/www.lehomestlouis.com\/es\/","title":{"rendered":"Inicio"},"content":{"rendered":"\n<div class=\"wp-block-getwid-section getwid-margin-mobile-top-medium getwid-margin-mobile-bottom-small\" style=\"margin-top:100px;margin-bottom:100px\"><div class=\"wp-block-getwid-section__wrapper\"><div class=\"wp-block-getwid-section__inner-wrapper\"><div class=\"wp-block-getwid-section__background-holder\"><div class=\"wp-block-getwid-section__background\"><\/div><div class=\"wp-block-getwid-section__foreground\"><\/div><\/div><div class=\"wp-block-getwid-section__content\"><div class=\"wp-block-getwid-section__inner-content\">\n<h2 class=\"wp-block-heading playfair\" style=\"font-size:30px\">Estamos comprometidos con el planeta<\/h2>\n\n\n\n<div style=\"height:30px\" aria-hidden=\"true\" class=\"wp-block-spacer\"><\/div>\n\n\n\n<div class=\"wp-block-columns is-layout-flex wp-container-core-columns-is-layout-9d6595d7 wp-block-columns-is-layout-flex\">\n<div class=\"wp-block-column is-layout-flow wp-block-column-is-layout-flow\" style=\"flex-basis:70%\">\n<p>Bienvenido a un hotel que se preocupa por el futuro, donde cada estancia es un paso m\u00e1s hacia un mundo m\u00e1s verde y sostenible. Creemos firmemente que cada gesto cuenta, y que nuestro compromiso con el planeta no debe comprometer tu comodidad y disfrute durante tu estancia. Al contrario, estamos decididos a hacer que su experiencia en nuestro hotel lo inspire a contribuir a la preservaci\u00f3n de nuestro precioso planeta.<\/p>\n\n\n\n<div class=\"wp-block-columns is-layout-flex wp-container-core-columns-is-layout-9d6595d7 wp-block-columns-is-layout-flex\">\n<div class=\"wp-block-column is-layout-flow wp-block-column-is-layout-flow\">\n<p class=\"playfair has-gold-color has-text-color\">\u00c9conomie d\u2019Eau<\/p>\n\n\n\n<p>Hemos implementado sistemas de ahorro de agua en todas las instalaciones para minimizar nuestro consumo de agua. El lavado de s\u00e1banas y toallas se realiza a petici\u00f3n de los hu\u00e9spedes.<\/p>\n<\/div>\n\n\n\n<div class=\"wp-block-column is-layout-flow wp-block-column-is-layout-flow\">\n<p class=\"playfair has-gold-color has-text-color\">Gestion Responsable des D\u00e9chets<\/p>\n\n\n\n<p>Nos comprometemos a reducir, reutilizar y reciclar al m\u00e1ximo. Nuestros residuos se clasifican y gestionan de forma ecol\u00f3gica para minimizar nuestro impacto en el medio ambiente.<\/p>\n<\/div>\n\n\n\n<div class=\"wp-block-column is-layout-flow wp-block-column-is-layout-flow\">\n<p class=\"playfair has-gold-color has-text-color\">Utilisation de Produits \u00c9cologiques<\/p>\n\n\n\n<p>Los productos de limpieza y art\u00edculos de tocador que utilizamos son respetuosos con el medio ambiente, con envases m\u00ednimos e ingredientes naturales.<\/p>\n<\/div>\n<\/div>\n\n\n\n<div class=\"wp-block-columns is-layout-flex wp-container-core-columns-is-layout-9d6595d7 wp-block-columns-is-layout-flex\">\n<div class=\"wp-block-column is-layout-flow wp-block-column-is-layout-flow\">\n<p class=\"playfair has-gold-color has-text-color\">Movilidad sostenible<\/p>\n\n\n\n<p>Animamos a nuestros hu\u00e9spedes a utilizar el transporte p\u00fablico, compartir coche o bicicletas para desplazarse por la zona.<\/p>\n<\/div>\n\n\n\n<div class=\"wp-block-column is-layout-flow wp-block-column-is-layout-flow\">\n<p class=\"playfair has-gold-color has-text-color\">Conciencia y Educaci\u00f3n<\/p>\n\n\n\n<p>Educamos a nuestro personal y a nuestros hu\u00e9spedes sobre la protecci\u00f3n del medio ambiente, anim\u00e1ndolos a adoptar pr\u00e1cticas m\u00e1s sostenibles durante su estad\u00eda y m\u00e1s all\u00e1.<\/p>\n<\/div>\n\n\n\n<div class=\"wp-block-column is-layout-flow wp-block-column-is-layout-flow\">\n<p class=\"playfair has-gold-color has-text-color\">Reducci\u00f3n de pl\u00e1stico<\/p>\n\n\n\n<p>Hemos eliminado al m\u00e1ximo el uso de pl\u00e1stico de un solo uso en nuestro establecimiento (botellas de agua, envases).<\/p>\n<\/div>\n<\/div>\n\n\n\n<div class=\"wp-block-getwid-section bg-Ultralight-Bordeau\"><div class=\"wp-block-getwid-section__wrapper\"><div class=\"wp-block-getwid-section__inner-wrapper\"><div class=\"wp-block-getwid-section__background-holder\"><div class=\"wp-block-getwid-section__background\"><\/div><div class=\"wp-block-getwid-section__foreground\"><\/div><\/div><div class=\"wp-block-getwid-section__content\"><div class=\"wp-block-getwid-section__inner-content\">\n<p class=\"playfair\">\n          <strong>Interact\u00fae con nosotros<\/strong>\n        <\/p>\n\n\n\n<p>Aloj\u00e1ndote en Home Saint Louis, un hotel eco-responsable, t\u00fa tambi\u00e9n te conviertes en un actor en la preservaci\u00f3n de nuestro planeta. Est\u00e1 invitado a participar en nuestras iniciativas ecol\u00f3gicas y apoyar nuestra visi\u00f3n de un futuro m\u00e1s sostenible.<\/p>\n<\/div><\/div><\/div><\/div><\/div>\n<\/div>\n\n\n\n<div class=\"wp-block-column is-layout-flow wp-block-column-is-layout-flow\">\n<figure class=\"wp-block-image size-large\"><img decoding=\"async\" width=\"458\" height=\"1024\" src=\"https:\/\/www.lehomestlouis.com\/wp-content\/uploads\/2023\/09\/bee-and-yellow-cosmos-flower-2022-12-07-04-48-34-utc@2x-458x1024.png\" alt=\"\" class=\"wp-image-91\" srcset=\"https:\/\/www.lehomestlouis.com\/wp-content\/uploads\/2023\/09\/bee-and-yellow-cosmos-flower-2022-12-07-04-48-34-utc@2x-458x1024.png 458w, https:\/\/www.lehomestlouis.com\/wp-content\/uploads\/2023\/09\/bee-and-yellow-cosmos-flower-2022-12-07-04-48-34-utc@2x-134x300.png 134w, https:\/\/www.lehomestlouis.com\/wp-content\/uploads\/2023\/09\/bee-and-yellow-cosmos-flower-2022-12-07-04-48-34-utc@2x.png 650w\" sizes=\"(max-width: 458px) 100vw, 458px\" \/><\/figure>\n<\/div>\n<\/div>\n<\/div><\/div><\/div><\/div><\/div>\n","protected":false},"excerpt":{"rendered":"","protected":false},"author":1,"featured_media":0,"parent":0,"menu_order":0,"comment_status":"closed","ping_status":"open","template":"template-homepage.php","meta":{"footnotes":""},"class_list":["post-22","page","type-page","status-publish","hentry"],"yoast_head":"<!-- This site is optimized with the Yoast SEO plugin v27.5 - https:\/\/yoast.com\/product\/yoast-seo-wordpress\/ -->\n<title>Inicio - Le Home Saint Louis<\/title>\n<meta name=\"robots\" content=\"index, follow, max-snippet:-1, max-image-preview:large, max-video-preview:-1\" \/>\n<link rel=\"canonical\" href=\"https:\/\/www.lehomestlouis.com\/es\/\" \/>\n<meta property=\"og:locale\" content=\"es_ES\" \/>\n<meta property=\"og:type\" content=\"article\" \/>\n<meta property=\"og:title\" content=\"Inicio - Le Home Saint Louis\" \/>\n<meta property=\"og:url\" content=\"https:\/\/www.lehomestlouis.com\/es\/\" \/>\n<meta property=\"og:site_name\" content=\"Le Home Saint Louis\" \/>\n<meta property=\"article:publisher\" content=\"https:\/\/www.facebook.com\/hotellehomesaintlouis\/?locale=fr_FR\" \/>\n<meta property=\"article:modified_time\" content=\"2023-10-01T16:02:18+00:00\" \/>\n<meta property=\"og:image\" content=\"https:\/\/www.lehomestlouis.com\/wp-content\/uploads\/2023\/09\/bee-and-yellow-cosmos-flower-2022-12-07-04-48-34-utc@2x-458x1024.png\" \/>\n<meta name=\"twitter:card\" content=\"summary_large_image\" \/>\n<meta name=\"twitter:label1\" content=\"Tiempo de lectura\" \/>\n\t<meta name=\"twitter:data1\" content=\"2 minutos\" \/>\n<script type=\"application\/ld+json\" class=\"yoast-schema-graph\">{\"@context\":\"https:\\\/\\\/schema.org\",\"@graph\":[{\"@type\":\"WebPage\",\"@id\":\"https:\\\/\\\/www.lehomestlouis.com\\\/es\\\/\",\"url\":\"https:\\\/\\\/www.lehomestlouis.com\\\/es\\\/\",\"name\":\"Inicio - Le Home Saint Louis\",\"isPartOf\":{\"@id\":\"https:\\\/\\\/www.lehomestlouis.com\\\/es\\\/#website\"},\"primaryImageOfPage\":{\"@id\":\"https:\\\/\\\/www.lehomestlouis.com\\\/es\\\/#primaryimage\"},\"image\":{\"@id\":\"https:\\\/\\\/www.lehomestlouis.com\\\/es\\\/#primaryimage\"},\"thumbnailUrl\":\"https:\\\/\\\/www.lehomestlouis.com\\\/wp-content\\\/uploads\\\/2023\\\/09\\\/bee-and-yellow-cosmos-flower-2022-12-07-04-48-34-utc@2x-458x1024.png\",\"datePublished\":\"2023-09-25T07:54:25+00:00\",\"dateModified\":\"2023-10-01T16:02:18+00:00\",\"breadcrumb\":{\"@id\":\"https:\\\/\\\/www.lehomestlouis.com\\\/es\\\/#breadcrumb\"},\"inLanguage\":\"es\",\"potentialAction\":[{\"@type\":\"ReadAction\",\"target\":[\"https:\\\/\\\/www.lehomestlouis.com\\\/es\\\/\"]}]},{\"@type\":\"ImageObject\",\"inLanguage\":\"es\",\"@id\":\"https:\\\/\\\/www.lehomestlouis.com\\\/es\\\/#primaryimage\",\"url\":\"https:\\\/\\\/www.lehomestlouis.com\\\/wp-content\\\/uploads\\\/2023\\\/09\\\/bee-and-yellow-cosmos-flower-2022-12-07-04-48-34-utc@2x-458x1024.png\",\"contentUrl\":\"https:\\\/\\\/www.lehomestlouis.com\\\/wp-content\\\/uploads\\\/2023\\\/09\\\/bee-and-yellow-cosmos-flower-2022-12-07-04-48-34-utc@2x-458x1024.png\"},{\"@type\":\"BreadcrumbList\",\"@id\":\"https:\\\/\\\/www.lehomestlouis.com\\\/es\\\/#breadcrumb\",\"itemListElement\":[{\"@type\":\"ListItem\",\"position\":1,\"name\":\"Home\",\"item\":\"https:\\\/\\\/www.lehomestlouis.com\\\/es\\\/\"},{\"@type\":\"ListItem\",\"position\":2,\"name\":\"Inicio\"}]},{\"@type\":\"WebSite\",\"@id\":\"https:\\\/\\\/www.lehomestlouis.com\\\/es\\\/#website\",\"url\":\"https:\\\/\\\/www.lehomestlouis.com\\\/es\\\/\",\"name\":\"H\u00f4tel ** Versailles \\\/ Pairs - Le Home Saint Louis**\",\"description\":\"\",\"publisher\":{\"@id\":\"https:\\\/\\\/www.lehomestlouis.com\\\/es\\\/#organization\"},\"potentialAction\":[{\"@type\":\"SearchAction\",\"target\":{\"@type\":\"EntryPoint\",\"urlTemplate\":\"https:\\\/\\\/www.lehomestlouis.com\\\/es\\\/?s={search_term_string}\"},\"query-input\":{\"@type\":\"PropertyValueSpecification\",\"valueRequired\":true,\"valueName\":\"search_term_string\"}}],\"inLanguage\":\"es\"},{\"@type\":\"Organization\",\"@id\":\"https:\\\/\\\/www.lehomestlouis.com\\\/es\\\/#organization\",\"name\":\"H\u00f4tel ** Versailles \\\/ Pairs - Le Home Saint Louis**\",\"url\":\"https:\\\/\\\/www.lehomestlouis.com\\\/es\\\/\",\"logo\":{\"@type\":\"ImageObject\",\"inLanguage\":\"es\",\"@id\":\"https:\\\/\\\/www.lehomestlouis.com\\\/es\\\/#\\\/schema\\\/logo\\\/image\\\/\",\"url\":\"https:\\\/\\\/www.lehomestlouis.com\\\/wp-content\\\/uploads\\\/2023\\\/10\\\/landscape_1000x500.png\",\"contentUrl\":\"https:\\\/\\\/www.lehomestlouis.com\\\/wp-content\\\/uploads\\\/2023\\\/10\\\/landscape_1000x500.png\",\"width\":999,\"height\":500,\"caption\":\"H\u00f4tel ** Versailles \\\/ Pairs - Le Home Saint Louis**\"},\"image\":{\"@id\":\"https:\\\/\\\/www.lehomestlouis.com\\\/es\\\/#\\\/schema\\\/logo\\\/image\\\/\"},\"sameAs\":[\"https:\\\/\\\/www.facebook.com\\\/hotellehomesaintlouis\\\/?locale=fr_FR\",\"https:\\\/\\\/www.booking.com\\\/hotel\\\/fr\\\/lehomesaintlouis.fr.html\"]}]}<\/script>\n<!-- \/ Yoast SEO plugin. -->","yoast_head_json":{"title":"Inicio - Le Home Saint Louis","robots":{"index":"index","follow":"follow","max-snippet":"max-snippet:-1","max-image-preview":"max-image-preview:large","max-video-preview":"max-video-preview:-1"},"canonical":"https:\/\/www.lehomestlouis.com\/es\/","og_locale":"es_ES","og_type":"article","og_title":"Inicio - Le Home Saint Louis","og_url":"https:\/\/www.lehomestlouis.com\/es\/","og_site_name":"Le Home Saint Louis","article_publisher":"https:\/\/www.facebook.com\/hotellehomesaintlouis\/?locale=fr_FR","article_modified_time":"2023-10-01T16:02:18+00:00","og_image":[{"url":"https:\/\/www.lehomestlouis.com\/wp-content\/uploads\/2023\/09\/bee-and-yellow-cosmos-flower-2022-12-07-04-48-34-utc@2x-458x1024.png","type":"","width":"","height":""}],"twitter_card":"summary_large_image","twitter_misc":{"Tiempo de lectura":"2 minutos"},"schema":{"@context":"https:\/\/schema.org","@graph":[{"@type":"WebPage","@id":"https:\/\/www.lehomestlouis.com\/es\/","url":"https:\/\/www.lehomestlouis.com\/es\/","name":"Inicio - Le Home Saint Louis","isPartOf":{"@id":"https:\/\/www.lehomestlouis.com\/es\/#website"},"primaryImageOfPage":{"@id":"https:\/\/www.lehomestlouis.com\/es\/#primaryimage"},"image":{"@id":"https:\/\/www.lehomestlouis.com\/es\/#primaryimage"},"thumbnailUrl":"https:\/\/www.lehomestlouis.com\/wp-content\/uploads\/2023\/09\/bee-and-yellow-cosmos-flower-2022-12-07-04-48-34-utc@2x-458x1024.png","datePublished":"2023-09-25T07:54:25+00:00","dateModified":"2023-10-01T16:02:18+00:00","breadcrumb":{"@id":"https:\/\/www.lehomestlouis.com\/es\/#breadcrumb"},"inLanguage":"es","potentialAction":[{"@type":"ReadAction","target":["https:\/\/www.lehomestlouis.com\/es\/"]}]},{"@type":"ImageObject","inLanguage":"es","@id":"https:\/\/www.lehomestlouis.com\/es\/#primaryimage","url":"https:\/\/www.lehomestlouis.com\/wp-content\/uploads\/2023\/09\/bee-and-yellow-cosmos-flower-2022-12-07-04-48-34-utc@2x-458x1024.png","contentUrl":"https:\/\/www.lehomestlouis.com\/wp-content\/uploads\/2023\/09\/bee-and-yellow-cosmos-flower-2022-12-07-04-48-34-utc@2x-458x1024.png"},{"@type":"BreadcrumbList","@id":"https:\/\/www.lehomestlouis.com\/es\/#breadcrumb","itemListElement":[{"@type":"ListItem","position":1,"name":"Home","item":"https:\/\/www.lehomestlouis.com\/es\/"},{"@type":"ListItem","position":2,"name":"Inicio"}]},{"@type":"WebSite","@id":"https:\/\/www.lehomestlouis.com\/es\/#website","url":"https:\/\/www.lehomestlouis.com\/es\/","name":"H\u00f4tel ** Versailles \/ Pairs - Le Home Saint Louis**","description":"","publisher":{"@id":"https:\/\/www.lehomestlouis.com\/es\/#organization"},"potentialAction":[{"@type":"SearchAction","target":{"@type":"EntryPoint","urlTemplate":"https:\/\/www.lehomestlouis.com\/es\/?s={search_term_string}"},"query-input":{"@type":"PropertyValueSpecification","valueRequired":true,"valueName":"search_term_string"}}],"inLanguage":"es"},{"@type":"Organization","@id":"https:\/\/www.lehomestlouis.com\/es\/#organization","name":"H\u00f4tel ** Versailles \/ Pairs - Le Home Saint Louis**","url":"https:\/\/www.lehomestlouis.com\/es\/","logo":{"@type":"ImageObject","inLanguage":"es","@id":"https:\/\/www.lehomestlouis.com\/es\/#\/schema\/logo\/image\/","url":"https:\/\/www.lehomestlouis.com\/wp-content\/uploads\/2023\/10\/landscape_1000x500.png","contentUrl":"https:\/\/www.lehomestlouis.com\/wp-content\/uploads\/2023\/10\/landscape_1000x500.png","width":999,"height":500,"caption":"H\u00f4tel ** Versailles \/ Pairs - Le Home Saint Louis**"},"image":{"@id":"https:\/\/www.lehomestlouis.com\/es\/#\/schema\/logo\/image\/"},"sameAs":["https:\/\/www.facebook.com\/hotellehomesaintlouis\/?locale=fr_FR","https:\/\/www.booking.com\/hotel\/fr\/lehomesaintlouis.fr.html"]}]}},"_links":{"self":[{"href":"https:\/\/www.lehomestlouis.com\/es\/wp-json\/wp\/v2\/pages\/22","targetHints":{"allow":["GET"]}}],"collection":[{"href":"https:\/\/www.lehomestlouis.com\/es\/wp-json\/wp\/v2\/pages"}],"about":[{"href":"https:\/\/www.lehomestlouis.com\/es\/wp-json\/wp\/v2\/types\/page"}],"author":[{"embeddable":true,"href":"https:\/\/www.lehomestlouis.com\/es\/wp-json\/wp\/v2\/users\/1"}],"replies":[{"embeddable":true,"href":"https:\/\/www.lehomestlouis.com\/es\/wp-json\/wp\/v2\/comments?post=22"}],"version-history":[{"count":9,"href":"https:\/\/www.lehomestlouis.com\/es\/wp-json\/wp\/v2\/pages\/22\/revisions"}],"predecessor-version":[{"id":428,"href":"https:\/\/www.lehomestlouis.com\/es\/wp-json\/wp\/v2\/pages\/22\/revisions\/428"}],"wp:attachment":[{"href":"https:\/\/www.lehomestlouis.com\/es\/wp-json\/wp\/v2\/media?parent=22"}],"curies":[{"name":"wp","href":"https:\/\/api.w.org\/{rel}","templated":true}]}}